{"id":11093,"date":"2013-09-11T16:21:22","date_gmt":"2013-09-11T19:21:22","guid":{"rendered":"http:\/\/www.navegg.com\/?page_id=11093"},"modified":"2021-10-15T14:10:36","modified_gmt":"2021-10-15T14:10:36","slug":"condiciones-de-uso","status":"publish","type":"page","link":"https:\/\/www2.navegg.com\/es\/condiciones-de-uso\/","title":{"rendered":"Condiciones de Uso"},"content":{"rendered":"<p>Por este instrumento privado y en la mejor forma de ley, las PARTES:<\/p>\n<p><strong>NAVEGG PARTICIPA\u00c7\u00d5ES S\/A<\/strong>, CNPJ n.\u00ba 12.285.481\/0001-08; representada de conformidad con sus actos constitutivos, en adelante, simplemente denominada como <strong>NAVEGG<\/strong> y el \u00ab<strong>Usuario\u00bb<\/strong>, como persona f\u00edsica o jur\u00eddica debidamente inscrita en la base de datos electr\u00f3nicos de NAVEGG (<a href=\"http:\/\/www.navegg.com\">http:\/\/www.navegg.com<\/a>) que se adhiere inequ\u00edvocamente a los t\u00e9rminos de estos T\u00e9rminos de uso desde el momento en que manifiesta su aceptaci\u00f3n en la forma aqu\u00ed indicada, declarando conocer y aceptar todas las condiciones previstas en este instrumento, de la siguiente forma:<\/p>\n<p>Considerando que<\/p>\n<p>I.NAVEGG es una plataforma que ofrece sistemas y servicios de segmentaci\u00f3n de audiencia en l\u00ednea.<\/p>\n<p>II. El Usuario, titular leg\u00edtimo, dotado de capacidad t\u00e9cnica en los sitios web registrados y por ellos respondiendo en la forma de la ley, tiene inter\u00e9s en contratar los servicios NAVEGG, con el objetivo de mejorar las funcionalidades de su sitio web, optando as\u00ed por el servicio, registr\u00e1ndose en el sitio web, adhiri\u00e9ndose sin ninguna excepci\u00f3n a estos T\u00e9rminos de uso haciendo clic en el icono \u00abde acuerdo\u00bb ubicado al final del documento, as\u00ed como realizando pagos de acuerdo con el plan de servicio contratado.<\/p>\n<p>III. Este documento es electr\u00f3nico, por lo tanto, el Usuario acepta estos T\u00e9rminos de uso en l\u00ednea para el uso del sistema NAVEGG, as\u00ed como acepta todos y cada uno de los instrumentos electr\u00f3nicos ubicados en el sitio web, incluyendo, entre otros, pol\u00edticas de privacidad, aspectos legales, entre otros, estando as\u00ed vinculado al mismo conforme la ley.<\/p>\n<p>IV. Los diferentes servicios y planes puestos a disposici\u00f3n por NAVEGG a los Usuarios interesados tienen diferentes valores y condiciones de remuneraci\u00f3n, y el usuario debe realizar el pago de acuerdo con las normas establecidas para cada plan.<\/p>\n<p>Por lo tanto, en vista de lo anterior, las partes han acordado y aceptado entre s\u00ed las condiciones mencionadas a continuaci\u00f3n:<\/p>\n<p>&nbsp;<\/p>\n<ol>\n<li><strong> Informaci\u00f3n sobre el uso de los servicios de NAVEGG<\/strong><\/li>\n<\/ol>\n<p>&nbsp;<\/p>\n<ul>\n<li>El presente documento tiene por objeto informar de las responsabilidades, deberes y obligaciones que todo Usuario asume al acceder y utilizar el sitio web y el sistema NAVEGG, y el Usuario, a trav\u00e9s de estos T\u00e9rminos de uso, declara estar informado y tener conocimiento de las funcionalidades del sistema NAVEGG.<\/li>\n<li>Por lo tanto, para que el Usuario pueda utilizar el sistema NAVEGG y recibir informaci\u00f3n personalizada, este acepta, a trav\u00e9s de estos T\u00e9rminos de uso, sin ninguna salvedad, implementar una \u00abtag NAVEGG\u00bb en todas las p\u00e1ginas de su sitio web, con el fin de capturar los datos de navegaci\u00f3n de los visitantes de su sitio web, para la recepci\u00f3n en l\u00ednea de informes de audiencia, basados en la informaci\u00f3n recopilada all\u00ed.<\/li>\n<li>El Usuario tiene conocimiento y acepta que la informaci\u00f3n recopilada por NAVEGG en su sitio web puede ser utilizada y compartida de manera an\u00f3nima por NAVEGG, incluido el intercambio de estos datos con terceros, socios de NAVEGG, con el fin de aumentar, progresar y enriquecer la calidad de los datos y la segmentaci\u00f3n de los mismos en toda la red.<\/li>\n<\/ul>\n<p>&nbsp;<\/p>\n<ol start=\"2\">\n<li><strong> Objeto \u2013 Disponibilidad y uso<\/strong><\/li>\n<\/ol>\n<p>&nbsp;<\/p>\n<ul>\n<li>Los servicios de NAVEGG de los que trata el objeto de los presentes T\u00e9rminos de uso se pondr\u00e1n a disposici\u00f3n \u00fanicamente de los Usuarios previamente registrados en NAVEGG y que tengan capacidad t\u00e9cnica en el(los) sitio(s) web informado(s) y plena legitimaci\u00f3n para utilizarlos.<\/li>\n<li>Para utilizar el sistema NAVEGG, los Usuarios deben acceder al sitio web y completar un Registro en el sitio web NAVEGG.<\/li>\n<li>El Usuario acceder\u00e1 a su perfil a trav\u00e9s de correo electr\u00f3nico registrado y contrase\u00f1a, para uso personal e intransferible, comprometi\u00e9ndose a mantenerlos de forma segura, asumiendo plena responsabilidad por el uso que se haga de los mismos. El usuario ser\u00e1 el \u00fanico responsable de las operaciones realizadas en su cuenta, ya que el acceso a la misma solo ser\u00e1 posible mediante el uso de correo electr\u00f3nico y contrase\u00f1a, cuyo conocimiento es exclusivo del usuario.<\/li>\n<\/ul>\n<p>&nbsp;<\/p>\n<ol start=\"3\">\n<li><strong> Plazo y validez<\/strong><\/li>\n<\/ol>\n<p>&nbsp;<\/p>\n<ul>\n<li>Este Contrato es v\u00e1lido por un per\u00edodo de 30 (treinta) d\u00edas, prorrog\u00e1ndose autom\u00e1ticamente por per\u00edodos iguales si no hay manifestaci\u00f3n en contrario por ninguna de las Partes.<\/li>\n<\/ul>\n<p>&nbsp;<\/p>\n<ol start=\"4\">\n<li><strong> Obligaciones del Usuario<\/strong><\/li>\n<\/ol>\n<p>&nbsp;<\/p>\n<ul>\n<li>Respetar las cl\u00e1usulas de estos T\u00e9rminos de uso, as\u00ed como los valores relacionados con los servicios contratados.<\/li>\n<li>Si se prev\u00e9 en las condiciones descritas al plan contratado, el Usuario deber\u00e1 realizar el pago por adelantado, seg\u00fan los importes establecidos en el contrato.<\/li>\n<li>El Usuario se compromete a utilizar los planes NAVEGG de acuerdo con las reglas y caracter\u00edsticas que se establecen para los mismos, y garantiza expresamente que no ofrecer\u00e1 ning\u00fan tipo de plan y\/o servicio il\u00edcito y\/o prohibido por la legislaci\u00f3n vigente, eximiendo, desde ja, a NAVEGG, sus subsidiarias, socias, empresas afiliadas y otras empresas dentro de su grupo econ\u00f3mico, de cualquier responsabilidad, incluso solidaria, debido a la violaci\u00f3n de estos t\u00e9rminos y\/o leyes y reglamentos aplicables que se aplican a toda la especie.<\/li>\n<li>Incluir los correspondientes avisos de privacidad en sus plataformas, siempre que tengan la TAG de NAVEGG, informando a sus usuarios finales sobre la recopilaci\u00f3n de datos y obteniendo, de forma inequ\u00edvoca, los consentimientos de estos usuarios finales seg\u00fan lo requieran las leyes y regulaciones aplicables. Dichos avisos se deben presentar de forma clara y ostensiva y deben prever la recogida, almacenamiento y tratamiento de los datos, tanto por parte del Usuario, NAVEGG y terceros con los que mantenemos un acuerdo comercial.<\/li>\n<li>Mantener pol\u00edticas de gobernanza de privacidad y protecci\u00f3n de DATOS, con medidas para inhibir el mal uso, planes de contingencia y posibles sanciones por el incumplimiento de las obligaciones legales y establecidas en el presente documento, as\u00ed como cumplir con toda la legislaci\u00f3n aplicable en materia de privacidad y protecci\u00f3n de datos.<\/li>\n<li>El Usuario declara que ha le\u00eddo, tiene conocimiento y est\u00e1 totalmente de acuerdo con todos los t\u00e9rminos y condiciones de este documento y con los valores de los servicios contratados.<\/li>\n<\/ul>\n<p>&nbsp;<\/p>\n<ol start=\"5\">\n<li><strong> Privacidad y protecci\u00f3n de datos<\/strong><\/li>\n<\/ol>\n<p>&nbsp;<\/p>\n<p>Las Partes reconocen que:<\/p>\n<p>Dentro del alcance de los servicios sujetos a estos T\u00e9rminos de uso, puede ser necesario procesar datos personales propios y\/o de terceros; y<\/p>\n<p>En caso de procesamiento, las Partes se comprometen a seguir todas las leyes de privacidad y protecci\u00f3n de datos aplicables, incluyendo (cuando corresponda):<\/p>\n<ul>\n<li>&#8211; La Constituci\u00f3n Federal de Brasil;<\/li>\n<li>&#8211; El C\u00f3digo de Defensa del Consumidor;<\/li>\n<li>&#8211; El C\u00f3digo Civil;<\/li>\n<li>&#8211; El Marco Civil de Internet (Ley Federal n.\u00b0 12.965\/2014) y su decreto reglamentario (Decreto 8.771\/2016);<\/li>\n<li>&#8211; La Ley General de Protecci\u00f3n de Datos (Ley Federal n.\u00b0 13.709\/2018), y otras regulaciones sectoriales o generales sobre el tema.<\/li>\n<\/ul>\n<ul>\n<li>Las Partes pueden procesar dichos datos personales solo de acuerdo con estos T\u00e9rminos de uso, con nuestra Pol\u00edtica de Privacidad (<a href=\"https:\/\/www.navegg.com\/politica-de-privacidade\/\">https:\/\/www.navegg.com\/politica-de-privacidade\/<\/a>) y con las leyes y regulaciones aplicables.<\/li>\n<li>Aplicar\u00e1n las medidas t\u00e9cnicas y organizativas adecuadas contra el tratamiento no autorizado o il\u00edcito de datos personales y contra la p\u00e9rdida o destrucci\u00f3n accidental o la destrucci\u00f3n de datos personales; y<\/li>\n<li>Deben obtener todos los consentimientos necesarios de los usuarios finales y proporcionar a estos toda la informaci\u00f3n necesaria para el procesamiento de los datos, incluidos todos los consentimientos necesarios para la transferencia de datos fuera del territorio brasile\u00f1o.<\/li>\n<li>Cada Parte proporcionar\u00e1 la cooperaci\u00f3n y la informaci\u00f3n que la otra Parte pueda razonablemente requerir para permitirle cumplir con sus obligaciones previstas en la ley, incluso en relaci\u00f3n con cualquier solicitud de acceso realizado bajo la ley y\/o en respuesta a cualquier consulta hecha, investigaci\u00f3n o evaluaci\u00f3n de cualquier procesamiento iniciado por la Autoridad Nacional de Protecci\u00f3n de Datos.<\/li>\n<li>Sin perjuicio de lo dispuesto en las cl\u00e1usulas anteriores, la Parte que cause el acceso indebido, no autorizado y\/o m\u00e1s all\u00e1 de los l\u00edmites de la autorizaci\u00f3n, el incidente, la p\u00e9rdida de DATOS o cualquier otro da\u00f1o derivado del TRATAMIENTO de DATOS PERSONALES o DATOS PERSONALES SENSIBLES ser\u00e1 responsable de sus actos, as\u00ed como sus empleados, representados o terceros contratados ante la Autoridad Nacional de Protecci\u00f3n de Datos, oblig\u00e1ndose a indemnizar a las partes perjudicadas y a resarcir todos los da\u00f1os directos a los que comprobadamente den causa al otro, a los TITULARES de DATOS o a terceros, ya sean administrativos y\/o judiciales, despu\u00e9s de la resoluci\u00f3n final en los tribunales. Sin perjuicio de lo dispuesto anteriormente, ninguna de las Partes ser\u00e1 responsable ante la otra por da\u00f1os consecuentes, indirectos, punitivos, ejemplares, especiales o por lucro cesante.<\/li>\n<\/ul>\n<p>&nbsp;<\/p>\n<ol start=\"6\">\n<li><strong> Medios y formas de pago<\/strong><\/li>\n<\/ol>\n<p>&nbsp;<\/p>\n<ul>\n<li>Salvo aquellos servicios puestos a disposici\u00f3n de forma gratuita por Navegg, el Usuario acepta que, para utilizar los servicios procedentes del sistema NAVEGG y recibir los informes de audiencia, pagar\u00e1 mensualmente a NAVEGG una cantidad correspondiente a los datos, funciones y funcionalidades de cada plan disponible. Las cantidades, formas y condiciones de pago, cuando correspondan, ser\u00e1n publicadas en el sitio web de NAVEGG en la siguiente direcci\u00f3n electr\u00f3nica\u00a0<a href=\"https:\/\/www.navegg.com\/\">https:\/\/www.navegg.com\/<\/a> o constar\u00e1n en el contrato.<\/li>\n<li>En caso de renovaci\u00f3n autom\u00e1tica de los servicios sujetos a pago, el USUARIO acepta el cobro autom\u00e1tico de la cuota mensual, como informaci\u00f3n de pago previamente registrada.<\/li>\n<li>El valor a pagar por el USUARIO a NAVEGG podr\u00e1 ser ajustado mediante aviso previo de 10 (diez) d\u00edas, publicado en el sitio web y por correo electr\u00f3nico enviado al USUARIO.<\/li>\n<li>NAVEGG podr\u00e1, a su entera discreci\u00f3n, establecer reglas de descuentos e, incluso, reglas de gratuidad de los servicios.<\/li>\n<li>Los valores cobrados por NAVEGG pueden ser personalizados debido a la necesidad de informaci\u00f3n personalizada que el Usuario desea tener en los informes emitidos por NAVEGG, es decir, el importe a pagar por el Usuario puede variar en funci\u00f3n de los servicios, de la segmentaci\u00f3n y\/o caracter\u00edsticas contratadas. Para obtener m\u00e1s informaci\u00f3n sobre los valores, p\u00f3ngase en contacto <a href=\"mailto:atrav\u00e9s%20do%20seguinte%20endere\u00e7o:%20fale@navegg.com\">a trav\u00e9s de la siguiente direcci\u00f3n: fale@navegg.com<\/a><\/li>\n<\/ul>\n<p>&nbsp;<\/p>\n<ol start=\"7\">\n<li><strong> Responsabilidades<\/strong><\/li>\n<\/ol>\n<p>&nbsp;<\/p>\n<ul>\n<li>NAVEGG har\u00e1 todo lo posible para mantener el sistema en funcionamiento de forma ininterrumpida y segura<strong>,<\/strong>garantizando su mantenimiento y los recursos disponibles. En caso de inestabilidad, fallo o violaciones de la seguridad de sus sistemas, NAVEGG adoptar\u00e1 todas las medidas necesarias para restablecer las condiciones de funcionalidad, mantenimiento y seguridad del sistema.<\/li>\n<li>NAVEGG podr\u00e1 modificar, suspender o cancelar el acceso de los Usuarios a o el uso de nuestros servicios en cualquier momento y por cualquier motivo, por ejemplo, si el Usuario viola las disposiciones o intenciones de estos T\u00e9rminos o perjudica, pone en peligro o nos expone legalmente a nosotros, nuestros usuarios, destinatarios o terceros.<\/li>\n<li>El usuario tiene conocimiento y acepta que NAVEGG podr\u00e1, a su entera discreci\u00f3n y en cualquier momento, cambiar las caracter\u00edsticas de los planes contratados, previa notificaci\u00f3n, asegur\u00e1ndose de que, a tal efecto, se pondr\u00e1 a disposici\u00f3n una nueva versi\u00f3n de los servicios contenidos en el plan contratado en el sitio web <a href=\"http:\/\/www.navegg.com\">http:\/\/www.navegg.com<\/a>. La notificaci\u00f3n se mostrar\u00e1 al USUARIO cuando inicie sesi\u00f3n en el sitio web\u00a0<a href=\"https:\/\/www.navegg.com\/\">https:\/\/www.navegg.com\/<\/a><\/li>\n<\/ul>\n<p>&nbsp;<\/p>\n<ul>\n<li>El usuario tiene conocimiento y acepta que NAVEGG no es responsable:<\/li>\n<\/ul>\n<p>a) Por cualquier falta de calidad, exactitud, integridad, adecuaci\u00f3n, eficacia, fiabilidad o utilidad de los datos, im\u00e1genes, informaci\u00f3n o cualquier otro contenido puesto a disposici\u00f3n del Usuario;<\/p>\n<p>b) Por las actuales condiciones de uso, consecuencias y posibles da\u00f1os derivados del uso de los datos, im\u00e1genes, informaci\u00f3n o cualquier otro contenido puesto a disposici\u00f3n del Usuario;<\/p>\n<p>c) Por cualquier da\u00f1o y perjuicio derivados del incumplimiento por parte del USUARIO, del deber de mantener la confidencialidad de su contrase\u00f1a, as\u00ed como del incumplimiento o retraso en el env\u00edo de la notificaci\u00f3n a NAVEGG sobre posibles accesos indebidos, fallos de seguridad o uso no autorizado de su contrase\u00f1a por parte de terceros;<\/p>\n<p>d) Por cualquier da\u00f1o sufrido por el USUARIO como consecuencia de la cancelaci\u00f3n de su registro en el sitio web http:\/\/www.navegg.com o t\u00e9rmino de este Contrato, en los casos previstos, as\u00ed como la conservaci\u00f3n o suministro de informaci\u00f3n al respecto, incluso relacionado con su identificaci\u00f3n y ubicaci\u00f3n, por NAVEGG, en cumplimiento de \u00f3rdenes judiciales;<\/p>\n<p>e) Por cualquier irregularidad en el funcionamiento del plan contratado, incluyendo las hip\u00f3tesis de caso fortuito, fuerza mayor, acto de tercero o incumplimiento, por parte del USUARIO, de las condiciones necesarias para la plena prestaci\u00f3n y utilizaci\u00f3n del servicio.<\/p>\n<p>&nbsp;<\/p>\n<ol start=\"8\">\n<li><strong> Propiedad intelectual<\/strong><\/li>\n<\/ol>\n<p>&nbsp;<\/p>\n<ul>\n<li>Las Partes reconocen que todas las marcas y logotipos, as\u00ed como todos y cada uno de los signos distintivos que se utilicen bajo este documento seguir\u00e1n siendo propiedad exclusiva de las respectivas Partes.<\/li>\n<li>Para los fines de difusi\u00f3n e implementaci\u00f3n del objeto de este documento, las Partes autorizan el uso de sus marcas comerciales, logotipos y otras marcas de identificaci\u00f3n de la industria, de comercio, de servicios, de forma gratuita y para el \u00fanico prop\u00f3sito de la Asociaci\u00f3n en el marco de este documento y no puede ser objeto de una transformaci\u00f3n o modificaci\u00f3n, obligando a las dos Partes a mantener la identidad visual para el uso de todo el material perteneciente a la otra Parte, sin transmitirlo, en su totalidad o en parte, a terceros.<\/li>\n<li>Las Partes reconocen que todos los recursos tecnol\u00f3gicos, as\u00ed como las bases de datos que se utilizar\u00e1n bajo este documento, seguir\u00e1n siendo propiedad y responsabilidad de las Partes respectivas que posean dichos recursos.<\/li>\n<\/ul>\n<p>&nbsp;<\/p>\n<ol start=\"9\">\n<li><strong> Exclusividad<\/strong><\/li>\n<\/ol>\n<p>&nbsp;<\/p>\n<ul>\n<li>Este documento no establece ninguna exclusividad entre las Partes, ni entre las empresas matrices, relacionadas y\/o controladas, sus representantes legales, consejeros, directores y\/o empleados de las Partes.<\/li>\n<\/ul>\n<p><strong>\u00a0<\/strong><\/p>\n<ol start=\"10\">\n<li><strong> Confidencialidad<\/strong><\/li>\n<\/ol>\n<p>&nbsp;<\/p>\n<ul>\n<li>Adem\u00e1s, las Partes acuerdan que el contenido de este documento, as\u00ed como la informaci\u00f3n proporcionada por una Parte a otra durante la vigencia de este contrato, es estrictamente confidencial y no se revelar\u00e1 a ning\u00fan individuo, empresa o instituci\u00f3n, excepto si:<\/li>\n<\/ul>\n<p>a) La informaci\u00f3n es de dominio p\u00fablico o se pone a disposici\u00f3n del p\u00fablico en general por medios distintos de su divulgaci\u00f3n por las Partes o sus representantes, sus matrices, controladas o empresas que, directa o indirectamente, est\u00e1n sujetas al mismo control al que est\u00e1 sujeta la Parte; o<\/p>\n<p>b) Si la divulgaci\u00f3n es requerida por autoridad gubernamental o por una orden judicial, bajo pena de ser caracterizado desobediencia u otra pena. En tales casos, el material que se divulgue estar\u00e1 sujeto a toda protecci\u00f3n gubernamental o judicial aplicable, y la Parte que est\u00e9 obligada a divulgar dicha informaci\u00f3n lo notificar\u00e1 a la otra Parte con una antelaci\u00f3n razonable para que pueda tomar cualquier medida apropiada.<\/p>\n<p>c) Est\u00e9 ya en poder de la Parte que recibi\u00f3 la informaci\u00f3n, como resultado de su propia investigaci\u00f3n, siempre que pueda probar tal hecho;<\/p>\n<p>d) Se haya recibido de terceros de manera comprobada.<\/p>\n<p>&nbsp;<\/p>\n<ol start=\"11\">\n<li><strong> Rescisi\u00f3n<\/strong><\/li>\n<\/ol>\n<p>&nbsp;<\/p>\n<ul>\n<li>La validez de este documento terminar\u00e1 autom\u00e1ticamente, sin necesidad de notificaci\u00f3n, si se identifican las hip\u00f3tesis siguientes:<\/li>\n<\/ul>\n<p>a) Cualquiera de las partes viola cualquier cl\u00e1usula de estos T\u00e9rminos de uso o no cumple puntualmente y\/o en su totalidad cualquier obligaci\u00f3n asumida en este documento, en particular las obligaciones relativas a la confidencialidad;<\/p>\n<p>b) El usuario no realiza la liquidaci\u00f3n financiera del plan contratado.<\/p>\n<p>c) Hechos derivados de un evento fortuito o fuerza mayor seg\u00fan la definici\u00f3n legal expresada en el C\u00f3digo Civil brasile\u00f1o.<\/p>\n<ul>\n<li>Independientemente de las dem\u00e1s disposiciones de este documento, las PARTES tienen derecho a rescindir la prestaci\u00f3n del servicio en cualquier momento previa solicitud de cancelaci\u00f3n con 10 (diez) d\u00edas de antelaci\u00f3n, sin generar ninguna carga para ambas Partes, excepto en relaci\u00f3n con los servicios contratados.<\/li>\n<\/ul>\n<p>&nbsp;<\/p>\n<ol start=\"12\">\n<li><strong> Notificaciones y comunicaciones<\/strong><\/li>\n<\/ol>\n<p>&nbsp;<\/p>\n<ul>\n<li>Las comunicaciones entre las partes solo podr\u00e1n realizarse por correo electr\u00f3nico. Los datos para realizar dichas comunicaciones estar\u00e1n en un enlace de comunicaci\u00f3n adecuado en el sitio web de NAVEGG. Los datos de comunicaci\u00f3n con el Usuario son los datos contenidos en su registro electr\u00f3nico, realizado en NAVEGG, que deben ser mantenidos actualizados por el Usuario. La falta de actualizaci\u00f3n por parte del Usuario de su registro no puede ser utilizada por este como defensa ante la no recepci\u00f3n de cualquier comunicaci\u00f3n o notificaci\u00f3n judicial o extrajudicial enviada por NAVEGG o planes ofrecidos por este en base a los datos contenidos en el registro del Usuario.<\/li>\n<\/ul>\n<p>&nbsp;<\/p>\n<ol start=\"13\">\n<li><strong> Disposiciones finales<\/strong><\/li>\n<\/ol>\n<p>&nbsp;<\/p>\n<ul>\n<li>El hecho de que una de las Partes no ejerza los derechos o facultades que les otorgan estos T\u00e9rminos o la ley, as\u00ed como cualquier tolerancia frente a las infracciones contractuales cometidas por la otra Parte, no implicar\u00e1 la renuncia de la Parte de cualquiera de sus derechos contractuales o legales, novaci\u00f3n o modificaci\u00f3n de cl\u00e1usulas de estos T\u00e9rminos, y la Parte podr\u00e1, a su sola discreci\u00f3n, ejercerlos en cualquier momento.<\/li>\n<\/ul>\n<p>&nbsp;<\/p>\n<ul>\n<li>Ninguna Parte podr\u00e1 ceder ni transferir de ninguna manera, en su totalidad o en parte, estos T\u00e9rminos, o cualquier derecho que surja de este, sin el consentimiento por escrito de la otra Parte, excepto en los casos de transferencia resultante de la reestructuraci\u00f3n corporativa y otras formas de fusi\u00f3n, escisi\u00f3n o incorporaci\u00f3n de cualquiera de las Partes.<\/li>\n<\/ul>\n<p>&nbsp;<\/p>\n<ul>\n<li>Si, como resultado de una decisi\u00f3n judicial inapelable, cualquier disposici\u00f3n o t\u00e9rmino de este documento se considera nulo o anulable, dicha nulidad o anulabilidad no afectar\u00e1 a las dem\u00e1s cl\u00e1usulas de este documento, que permanecer\u00e1n en vigor, obligando a ambas Partes.<\/li>\n<\/ul>\n<p>&nbsp;<\/p>\n<ul>\n<li>Las Partes de este acuerdo son independientes y nada de lo aqu\u00ed contenido se interpretar\u00e1 como una relaci\u00f3n laboral, una relaci\u00f3n de representaci\u00f3n, una empresa conjunta, una sociedad de hecho o de derecho o un consorcio entre las Partes. Ninguna de las Partes tiene ning\u00fan derecho, poder o autoridad para celebrar ning\u00fan Acuerdo para o en nombre de la otra Parte, o incurrir en ninguna obligaci\u00f3n o responsabilidad.<\/li>\n<\/ul>\n<p>&nbsp;<\/p>\n<ul>\n<li>Las partes reconocen y acuerdan que ninguna licencia con respecto a patentes, derechos de autor, marcas y de propiedad intelectual, en general, se otorga o confiere a cualquiera de las Partes en virtud del presente documento o por la divulgaci\u00f3n de informaci\u00f3n confidencial por cualquiera de las Partes a la otra Parte seg\u00fan lo dispuesto en el presente documento, ya sea de forma expresa, impl\u00edcita, inducida, impedimento o de otra manera. Cualquier licencia de derechos de propiedad intelectual debe otorgarse necesariamente de forma expresa y por escrito.<\/li>\n<\/ul>\n<p>&nbsp;<\/p>\n<ul>\n<li>El Usuario autoriza a NAVEGG a utilizar su direcci\u00f3n de correo electr\u00f3nico en herramientas de terceros para el env\u00edo de comunicaciones y ofertas.<\/li>\n<\/ul>\n<p>&nbsp;<\/p>\n<ol start=\"14\">\n<li><strong> Legislaci\u00f3n, resoluci\u00f3n de conflictos y fuero aplicable<\/strong><\/li>\n<\/ol>\n<p>&nbsp;<\/p>\n<p>Estos T\u00e9rminos de uso obligan a las partes y a sus sucesores, y se deben interpretar de acuerdo con las leyes brasile\u00f1as; se elige el fuero de la capital del distrito de S\u00e3o Paulo como el \u00fanico competente para resolver cualquier disputa que surja de este Contrato que no pueda ser resuelta amistosamente por las Partes.<\/p>\n<p>Al registrarse en NAVEGG, el Usuario acepta y reconoce la plena validez y efectividad de la firma de este documento por medios electr\u00f3nicos, de acuerdo con la Medida provisional n.\u00b0 2.200-2\/2001 y el Decreto federal n.\u00b0 10.278\/2020, con exenci\u00f3n de la firma digital de cada Parte utilizando certificados emitidos de acuerdo con los par\u00e1metros de ICP-Brasil. Las Partes reconocen la integridad del documento generado y que estos T\u00e9rminos de uso reflejan su voluntad y que dicho documento se debe considerar como una copia original para todas las intenciones y prop\u00f3sitos, incluidos los efectos del art\u00edculo 425 del C\u00f3digo Procesal Civil brasile\u00f1o (Ley n.\u00b0 13.105\/2015) y del p\u00e1rrafo 2 del art\u00edculo 10 de la Medida provisional n.\u00b0 2.200-2\/2001.<\/p>\n<p>&nbsp;<\/p>\n","protected":false},"excerpt":{"rendered":"<p>Por este instrumento privado y en la mejor forma de ley, las PARTES: NAVEGG PARTICIPA\u00c7\u00d5ES S\/A, CNPJ n.\u00ba 12.285.481\/0001-08; representada de conformidad con sus actos constitutivos, en adelante, simplemente denominada como NAVEGG y el \u00abUsuario\u00bb, como persona f\u00edsica o jur\u00eddica debidamente inscrita en la base de datos electr\u00f3nicos de NAVEGG (http:\/\/www.navegg.com) que se adhiere inequ\u00edvocamente [&hellip;]<\/p>\n","protected":false},"author":57,"featured_media":0,"parent":0,"menu_order":0,"comment_status":"open","ping_status":"closed","template":"tpl\/page-full.php","meta":{"amp_status":"","_links_to":"","_links_to_target":""},"_links":{"self":[{"href":"https:\/\/www2.navegg.com\/es\/wp-json\/wp\/v2\/pages\/11093\/"}],"collection":[{"href":"https:\/\/www2.navegg.com\/es\/wp-json\/wp\/v2\/pages\/"}],"about":[{"href":"https:\/\/www2.navegg.com\/es\/wp-json\/wp\/v2\/types\/page\/"}],"author":[{"embeddable":true,"href":"https:\/\/www2.navegg.com\/es\/wp-json\/wp\/v2\/users\/57\/"}],"replies":[{"embeddable":true,"href":"https:\/\/www2.navegg.com\/es\/wp-json\/wp\/v2\/comments\/?post=11093"}],"version-history":[{"count":7,"href":"https:\/\/www2.navegg.com\/es\/wp-json\/wp\/v2\/pages\/11093\/revisions\/"}],"predecessor-version":[{"id":19051,"href":"https:\/\/www2.navegg.com\/es\/wp-json\/wp\/v2\/pages\/11093\/revisions\/19051\/"}],"wp:attachment":[{"href":"https:\/\/www2.navegg.com\/es\/wp-json\/wp\/v2\/media\/?parent=11093"}],"curies":[{"name":"wp","href":"https:\/\/api.w.org\/{rel}","templated":true}]}}