{"id":12145,"date":"2014-02-26T16:09:30","date_gmt":"2014-02-26T19:09:30","guid":{"rendered":"http:\/\/www.navegg.com\/?page_id=12145"},"modified":"2014-02-26T16:09:30","modified_gmt":"2014-02-26T19:09:30","slug":"asociados","status":"publish","type":"page","link":"https:\/\/www2.navegg.com\/es\/institucional\/asociados\/","title":{"rendered":"Asociados"},"content":{"rendered":"<p>Bienvenido al programa de socios Navegg! Trabajamos en colaboraci\u00f3n con todas las mejores expertos y los agentes del mercado con el fin de hacer que el entorno digital m\u00e1s inteligente.<\/p>\n<p>Aqu\u00ed encontrar\u00e1s asociados que utilizan segmentaci\u00f3n para hacer y ejecutar planes de medios avanzados para sus clientes, los que se conectan Navegg y proporcionan los datos para optimizar la entrega de sus campa\u00f1as, y tambi\u00e9n ofrecer nuestra tecnolog\u00eda como diferencial, haciendo sus soluciones m\u00e1s completas y eficientes.<\/p>\n<p>Navegg est\u00e1 conectado a m\u00e1s de 50 asociados. Conozca a la directora:<\/p>\n","protected":false},"excerpt":{"rendered":"<p>Bienvenido al programa de socios Navegg! Trabajamos en colaboraci\u00f3n con todas las mejores expertos y los agentes del mercado con el fin de hacer que el entorno digital m\u00e1s inteligente. Aqu\u00ed encontrar\u00e1s asociados que utilizan segmentaci\u00f3n para hacer y ejecutar planes de medios avanzados para sus clientes, los que se conectan Navegg y proporcionan los [&hellip;]<\/p>\n","protected":false},"author":4,"featured_media":0,"parent":11725,"menu_order":0,"comment_status":"open","ping_status":"closed","template":"tpl\/partners.php","meta":{"amp_status":"","_links_to":"","_links_to_target":""},"_links":{"self":[{"href":"https:\/\/www2.navegg.com\/es\/wp-json\/wp\/v2\/pages\/12145\/"}],"collection":[{"href":"https:\/\/www2.navegg.com\/es\/wp-json\/wp\/v2\/pages\/"}],"about":[{"href":"https:\/\/www2.navegg.com\/es\/wp-json\/wp\/v2\/types\/page\/"}],"author":[{"embeddable":true,"href":"https:\/\/www2.navegg.com\/es\/wp-json\/wp\/v2\/users\/4\/"}],"replies":[{"embeddable":true,"href":"https:\/\/www2.navegg.com\/es\/wp-json\/wp\/v2\/comments\/?post=12145"}],"version-history":[{"count":0,"href":"https:\/\/www2.navegg.com\/es\/wp-json\/wp\/v2\/pages\/12145\/revisions\/"}],"up":[{"embeddable":true,"href":"https:\/\/www2.navegg.com\/es\/wp-json\/wp\/v2\/pages\/11725\/"}],"wp:attachment":[{"href":"https:\/\/www2.navegg.com\/es\/wp-json\/wp\/v2\/media\/?parent=12145"}],"curies":[{"name":"wp","href":"https:\/\/api.w.org\/{rel}","templated":true}]}}