{"id":14596,"date":"2015-06-16T11:01:51","date_gmt":"2015-06-16T14:01:51","guid":{"rendered":"http:\/\/www.navegg.com\/?page_id=14596"},"modified":"2018-09-19T12:14:49","modified_gmt":"2018-09-19T15:14:49","slug":"glosario-marketing-digital","status":"publish","type":"page","link":"https:\/\/www2.navegg.com\/es\/institucional\/glosario-marketing-digital\/","title":{"rendered":"Glosario"},"content":{"rendered":"<p>Con el Glosario de Navegg podr\u00e1 aclarar sus dudas con respecto a las principales palabras y siglas en el mundo del marketing digital. Confiera:<\/p>\n<p><strong>Ad blocking:\u00a0<\/strong>mecanismos instalados por usuarios para evitar que se muestren anuncios.<\/p>\n<p><strong>Ad Exchange:<\/strong>\u00a0Es una plataforma que auxilia el proceso de compra y venta del espacio publicitario, por medio de subastas en tiempo real (RTB).<\/p>\n<p><strong>Ad Networks:<\/strong>\u00a0Es una red que compra el inventario de los sitios web verticales y lo pone disponible para la comercializaci\u00f3n de publicidad.<\/p>\n<p><strong>Ad Server:<\/strong>\u00a0Sistema que monitorea, gerencia y entrega campa\u00f1as para los sitios web por medio de banners. Adem\u00e1s, posee una inteligencia que mejora el alcance de los anuncios.<\/p>\n<p><strong>Ad Tech\/ Advertising Technology:<\/strong>\u00a0tecnolog\u00edas, softwares y servicios desarrollados para la publicidad online. Por ejemplo, Ad Server, DSPs, Ad Exchange, Tranding Desk, DMP y otros.<\/p>\n<p><strong>Behavioural Targeting:<\/strong>\u00a0Segmentaci\u00f3n del consumidor de acuerdo a su comportamiento online. Con behavioural targeting es posible individualizar al p\u00fablico objetivo, crear campa\u00f1as direccionadas, saber por d\u00f3nde los posibles leads navegan y como alcanzarlos.<\/p>\n<p><strong>BI:<\/strong>\u00a0Business Intelligence o inteligencia de negocios es un proceso de tecnolog\u00eda orientado al an\u00e1lisis de datos. Con BI, es posible transformar una gran cantidad de datos en informaciones \u00fatiles que ayuden en la toma de decisiones m\u00e1s estrat\u00e9gicas.<\/p>\n<p><strong>Big data: <\/strong>es el proceso de almacenamiento de un gran volumen de informaciones con mayor velocidad. Eso envuelve an\u00e1lisis, captura y curadur\u00eda.<\/p>\n<p><strong>Black-list:<\/strong>\u00a0es una lista de sitios web que las agencias o anunciantes deciden que sus anuncios NO podr\u00e1n ser impresos. Por ejemplo, sitios con contenido violento, pornogr\u00e1fico, terrorista y otros.<\/p>\n<p><strong style=\"font-style: inherit;\"><span style=\"font-style: inherit; font-weight: inherit;\">Buyer Persona:<\/span><\/strong>\u00a0es el personaje que se crea\u00a0 con base en informaciones de clientes y prospects reales. Se usa las buyer personas para estrategias de marketing y ventas.<\/p>\n<p><strong>CMS:<\/strong>\u00a0Content Management System. Son herramientas para creaci\u00f3n de p\u00e1ginas en la web y el gerenciamiento del contenido.<\/p>\n<p><strong style=\"font-style: inherit;\"><span style=\"font-style: inherit; font-weight: inherit;\">Conversi\u00f3n:<\/span><\/strong><strong>\u00a0<\/strong>es la acci\u00f3n definida por la empresa para representar la generaci\u00f3n de resultados. Por ejemplo, un cadastro o una compra.<\/p>\n<p><strong>CPA:<\/strong>\u00a0Costo por adquisici\u00f3n. Modelo basado en desempe\u00f1o &#8211; el anunciante paga solamente cuando hay conversi\u00f3n.<\/p>\n<p><strong>CPC:<\/strong>\u00a0Costo por click. El anunciante paga cuando uno hace click en su campa\u00f1a.<\/p>\n<p><strong>CPM:<\/strong>\u00a0Costo por cada mil impresiones. El anunciante paga por cada mil impresiones &#8211; es decir por cada mil veces que el banner aparece.<\/p>\n<p><strong>Creativo din\u00e1mico:<\/strong>\u00a0es un anuncio cuyo contenido y\/o formato cambian en tiempo real de acuerdo con el espacio publicitario, el perfil del usuario que le ver\u00e1 y otros factores.<\/p>\n<p><strong style=\"font-style: inherit;\"><span style=\"font-style: inherit; font-weight: inherit;\">Cross Device:<\/span><\/strong><strong>\u00a0<\/strong>es la tecnolog\u00eda para cruzar el comportamiento de navegaci\u00f3n del usuario en diferentes dispositivos.<\/p>\n<p><strong>CRM:<\/strong>\u00a0es un sistema para gesti\u00f3n de relaciones con los clientes.<\/p>\n<p><strong>CTR:\u00a0<\/strong>Click-through rate.\u00a0Tambi\u00e9n llamado tasa de clicks, es una forma de mensurar el suceso de una campa\u00f1a de publicidad online. Para obtener la tasa de conversi\u00f3n se debe dividir el n\u00famero de clicks por el n\u00famero de impresiones.<\/p>\n<p><strong style=\"font-style: inherit;\"><span style=\"font-style: inherit; font-weight: inherit;\">Data-Driven marketing:<\/span><\/strong>\u00a0es el marketing orientado por los datos de audiencia. O sea, cuando la toma de decisi\u00f3n de marketing se basa en los datos.<\/p>\n<p><strong>Data Provider:<\/strong>\u00a0Los proveedores de datos transforman el internet en una estructura de datos, que despu\u00e9s de procesados indican insights para toma de decisiones.<\/p>\n<p><strong>DBM:<\/strong>\u00a0DataBase Marketing. Es el marketing con banco de datos que utiliza de las informaciones para la toma de decisiones.<\/p>\n<p><strong>Demand Generation:<\/strong>\u00a0Es el foco de programas de marketing seleccionados para generar conciencia e inter\u00e9s en los productos \/ servicios de la compa\u00f1\u00eda. M\u00e1s utilizados en negocios B2B, B2G o negocios al consumidor final con largos ciclos de venta.<\/p>\n<p><strong>DMP:<\/strong><strong>\u00a0<\/strong>Data Management Platform. Tecnolog\u00eda que recoge, organiza y activa los datos ofrecidos por first, second o third party. Como en el DMP, es posible analizar las informaciones de un solo lugar. Los anunciantes utilizan esta tecnolog\u00eda para realizar campa\u00f1as direccionadas. Los publishers la utilizan para calificar sus inventarios con las informaciones disponibles en el DMP.<\/p>\n<p><strong>DSP:<\/strong>\u00a0Demand Side Platform. Es una plataforma que da soporte a las agencias, anunciantes y trading desks en el momento de la compra del inventario de los portales o Ad Exchanges.<\/p>\n<p><strong>First Party Data:<\/strong>\u00a0Son los datos basados en el comportamiento, acciones e intereses del consumidor en su propio sitio web. Es decir, las informaciones colectadas de su propia audiencia<strong>.<\/strong><\/p>\n<p><a href=\"https:\/\/www.navegg.com\/es\/blog\/datos\/la-solucion-de-navegg-para-fraude-en-la-publicidad-online\/?origem=blog\"><strong>Fraude en la publicidad online:\u00a0<\/strong><\/a>ocurre cuando un anuncio no es impreso para un ser humano, pero para un robo.<\/p>\n<p><strong>Embudo de conversi\u00f3n:<\/strong> es una herramienta que analiza cada visita en un sitio web hasta que el usuario cumpla la conversi\u00f3n. Este an\u00e1lisis es importante para reducir la evasi\u00f3n en el proceso de conversi\u00f3n.<\/p>\n<p><strong>Impresi\u00f3n:<\/strong>\u00a0es cada vez que se entrega un anuncio, o sea, que se lo muestra en un sitio web.<\/p>\n<p><strong>Inbound Marketing:<\/strong>\u00a0Es usar estrat\u00e9gias para atraer el consumidor para la marca al rev\u00e9s de encontrarlos a ellos.<\/p>\n<p><strong>Inventario:<\/strong>\u00a0es el conjunto de espacios publicitarios que un portal vende.<\/p>\n<p><strong style=\"font-style: inherit;\"><span style=\"font-style: inherit; font-weight: inherit;\">Inventario premium:\u00a0<\/span><\/strong>es el m\u00e1s valorizado porque tiene relaci\u00f3n con una audiencia con mayor poder adquisitivo o con contenido espec\u00edfico (por ejemplo, moda, belleza o deportes), por lo tanto, tiene baja dispersi\u00f3n.<\/p>\n<p><strong style=\"font-style: inherit;\"><span style=\"font-style: inherit; font-weight: inherit;\">Inventario ROS:\u00a0<\/span><\/strong>es el menos valorizado porque no tiene relaci\u00f3n con ning\u00fan p\u00fablico especifico.<\/p>\n<p><strong style=\"font-style: inherit;\"><span style=\"font-style: inherit; font-weight: inherit;\">Jornada de compra:\u00a0<\/span><\/strong>etapas que uno cumple antes del momento de la comprar.<\/p>\n<p><strong>Lookalike:<\/strong>\u00a0es un proceso ejecutado en la segmentaci\u00f3n de campa\u00f1as que alcanza consumidores con h\u00e1bitos de consumo semejantes a los de los clientes actuales.<\/p>\n<p><strong>Marketing digital:<\/strong>\u00a0es el marketing usado para alcanzar el consumidor en el ambiente online y\/o digital. Por ejemplo, SEO, medias sociales, e-mail marketing, mobile marketing,\u00a0compra de espacios publicitarios y otros.<\/p>\n<p><a href=\"https:\/\/www.navegg.com\/blog\/marketing-digital\/solucao-para-ad-blocking-fraude-e-viewability\/?origem=blog\"><strong style=\"font-style: inherit;\"><span style=\"font-style: inherit; font-weight: inherit;\">M\u00e9tricas de Viewability:<\/span><\/strong><\/a>\u00a0aquellas que tienen como objetivo medir no solo cuantos anuncios se imprimi\u00f3, pero cuales se vir\u00f3n.<\/p>\n<p><a style=\"font-style: inherit; font-weight: inherit;\" href=\"https:\/\/www.navegg.com\/blog\/sites-blogs-ecommerces\/como-montar-um-midia-kit-para-o-seu-blog\/?origem=blog\" data-wpel-link=\"internal\"><strong style=\"font-style: inherit;\"><span style=\"font-style: inherit; font-weight: inherit;\">M\u00eddia Kit:<\/span><\/strong><\/a>\u00a0es la presentaci\u00f3n comercial de un blog o portal. Sirve para presentar el blog, sus caracter\u00edsticas y las de qui\u00e9n lo accede con el objetivo de convencer los anunciantes que aqu\u00e9l blog es bueno para anunciar.<\/p>\n<p><strong>M\u00eddia Program\u00e1tica:<\/strong>\u00a0Es la compra y venta de medios de comunicaci\u00f3n automatizados por medio de plataformas como DSPs. Generalmente, el proceso es realizado a trav\u00e9s de la tecnolog\u00eda RTB (real time bidding).<\/p>\n<p><a href=\"https:\/\/www.navegg.com\/blog\/marketing-digital\/modelo-de-atribuicao-visao-holistica-da-jornada-de-compra\/?origem=blog\"><strong style=\"font-style: inherit;\">Modelo de atribuci\u00f3n:\u00a0<\/strong><\/a>es un m\u00e9todo de comprender el proceso de decisi\u00f3n de compra de manera hol\u00edstica.\u00a0Es decir, se analiza la jornada de compra del consumidor y todas las interacciones que \u00e9l tuve con la marca antes de la compra, no s\u00f3lo el last-click.<\/p>\n<p><strong>Monetizar:<\/strong>\u00a0es la acci\u00f3n de hacer algo con el objetivo de ganar dinero con un sitio web, blog o aplicaci\u00f3n.<\/p>\n<p><strong>Outbound Marketing:<\/strong>\u00a0es la forma tradicional de marketing. O sea, encontrar a los clientes al rev\u00e9s de hacer con que ellos se acerquen de la marca.<\/p>\n<p><a href=\"https:\/\/www.navegg.com\/blog\/geral\/como-redigir-uma-politica-de-privacidade\/?origem=blog\"><strong style=\"font-style: inherit;\"><span style=\"font-style: inherit; font-weight: inherit;\">Pol\u00edtica de privacidad:<\/span><\/strong><\/a>\u00a0es un cap\u00edtulo de los termos de uso de un sitio o aplicaci\u00f3n que explica al usuario como se recoge, almacena, aplica, protege y comparte sus informaciones.<\/p>\n<p><strong>Publicidad nativa:<\/strong>\u00a0la publicidad cuyo formato\u00a0y layout\u00a0son semejantes a la plataforma o al sitio donde se la inserta.<\/p>\n<p><strong>Retargeting:<\/strong>\u00a0Es una forma de publicidad online que ayuda a rescatar los clientes que mostraron inter\u00e9s en alg\u00fan producto de su empresa. Con un cookie, es posible analizar la navegaci\u00f3n del usuario y llegar a \u00e9l nuevamente en otros sitios web.<\/p>\n<p><strong>ROI:<\/strong><strong>\u00a0<\/strong>Return on Investment. Es el c\u00e1lculo del costo-beneficio con relaci\u00f3n a las inversiones. La f\u00f3rmula utilizada es: (lucro liquido \u2013 costo de inversi\u00f3n)\/costo de inversi\u00f3n. Por lo tanto no se pueden olvidar los costos indirectos y los riesgos.<\/p>\n<p><strong>RTB:<\/strong>\u00a0Real Time Bidding. Proceso de compra de espacio publicit\u00e1rio en tiempo real. En RTB, la venta de espacio publicitario segmentado cuesta m\u00e1s debido a que los costos son direccionados al p\u00fablico objetivo segmentado de la campa\u00f1a.<\/p>\n<p><strong>Second Party Data:<\/strong>\u00a0son informaciones compartidas de first party. Es decir, empresas compa\u00f1eras que proveen sus propios datos.<\/p>\n<p><strong>Segmentos de audiencia:<\/strong>\u00a0son caracter\u00edsticas de usuarios que pueden ser usadas en campa\u00f1as, personalizaci\u00f3n de sitios y otras acciones de marketing digital para destinarlas a un p\u00fablico espec\u00edfico.<\/p>\n<p><strong>SSP:<\/strong>\u00a0Supply Side Platform. Es un sistema que auxilia a los publishers en el momento de vender su inventario. El SSP monetiza el inventario no vendido, adem\u00e1s de enriquecer a la audiencia con los datos ofrecidos por la tecnolog\u00eda DMP.<\/p>\n<p><strong>Third Party Data:<\/strong>\u00a0Son datos generados por otras plataformas. Pueden ser datos inferidos u observados. Existen empresas que realizan este servicio de data providers.<\/p>\n<p><strong>Trading Desks:<\/strong>\u00a0ATD. Es la capa de servicio de la compra programatica. Opera la DSP, intermedia y realiza el proceso de compra y optimizaci\u00f3n de campa\u00f1as en el proceso de RBT.<\/p>\n<p><strong>Whitelist:<\/strong>\u00a0es una lista de sitios en los cuales una agencia o anunciante decide que sus anuncios DEBEN ser impresos por cuenta del contenido que poseen.<\/p>\n","protected":false},"excerpt":{"rendered":"<p>Con el Glosario de Navegg podr\u00e1 aclarar sus dudas con respecto a las principales palabras y siglas en el mundo del marketing digital. Confiera: Ad blocking:\u00a0mecanismos instalados por usuarios para evitar que se muestren anuncios. Ad Exchange:\u00a0Es una plataforma que auxilia el proceso de compra y venta del espacio publicitario, por medio de subastas en [&hellip;]<\/p>\n","protected":false},"author":4,"featured_media":0,"parent":11725,"menu_order":0,"comment_status":"closed","ping_status":"closed","template":"","meta":{"amp_status":"","_links_to":"","_links_to_target":""},"_links":{"self":[{"href":"https:\/\/www2.navegg.com\/es\/wp-json\/wp\/v2\/pages\/14596\/"}],"collection":[{"href":"https:\/\/www2.navegg.com\/es\/wp-json\/wp\/v2\/pages\/"}],"about":[{"href":"https:\/\/www2.navegg.com\/es\/wp-json\/wp\/v2\/types\/page\/"}],"author":[{"embeddable":true,"href":"https:\/\/www2.navegg.com\/es\/wp-json\/wp\/v2\/users\/4\/"}],"replies":[{"embeddable":true,"href":"https:\/\/www2.navegg.com\/es\/wp-json\/wp\/v2\/comments\/?post=14596"}],"version-history":[{"count":3,"href":"https:\/\/www2.navegg.com\/es\/wp-json\/wp\/v2\/pages\/14596\/revisions\/"}],"predecessor-version":[{"id":17918,"href":"https:\/\/www2.navegg.com\/es\/wp-json\/wp\/v2\/pages\/14596\/revisions\/17918\/"}],"up":[{"embeddable":true,"href":"https:\/\/www2.navegg.com\/es\/wp-json\/wp\/v2\/pages\/11725\/"}],"wp:attachment":[{"href":"https:\/\/www2.navegg.com\/es\/wp-json\/wp\/v2\/media\/?parent=14596"}],"curies":[{"name":"wp","href":"https:\/\/api.w.org\/{rel}","templated":true}]}}