{"id":18247,"date":"2018-11-07T10:08:07","date_gmt":"2018-11-07T12:08:07","guid":{"rendered":"https:\/\/www.navegg.com\/?page_id=18247"},"modified":"2018-11-27T15:04:53","modified_gmt":"2018-11-27T17:04:53","slug":"segmentos-navegg","status":"publish","type":"page","link":"https:\/\/www2.navegg.com\/es\/segmentos\/segmentos-navegg\/","title":{"rendered":"\u00c1rbol de segmentos Navegg"},"content":{"rendered":"<p>Navegg analiza y segmenta a los usuarios de acuerdo con la demograf\u00eda, contenidos de inter\u00e9s, intenci\u00f3n de compra, marcas, \u00e1rea de actuaci\u00f3n, tecnolog\u00eda, Navegg EveryOne y Navegg EveryBuyer. Estos datos se dividen en tres grupos, de acuerdo con la forma en que se recogen: observados, inferidos o comportamentales. <a href=\"https:\/\/www.navegg.com\/es\/blog\/articulos\/conociendo-los-datos-de-navegg\/\">M\u00e1s informaci\u00f3n sobre cada uno de ellos aqu\u00ed.<\/a><\/p>\n<p>Vea el \u00e1rbol de segmentos.<\/p>\n","protected":false},"excerpt":{"rendered":"<p>Navegg analiza y segmenta a los usuarios de acuerdo con la demograf\u00eda, contenidos de inter\u00e9s, intenci\u00f3n de compra, marcas, \u00e1rea de actuaci\u00f3n, tecnolog\u00eda, Navegg EveryOne y Navegg EveryBuyer. Estos datos se dividen en tres grupos, de acuerdo con la forma en que se recogen: observados, inferidos o comportamentales. M\u00e1s informaci\u00f3n sobre cada uno de ellos [&hellip;]<\/p>\n","protected":false},"author":57,"featured_media":0,"parent":7426,"menu_order":0,"comment_status":"closed","ping_status":"closed","template":"tpl\/segments-tree.php","meta":{"amp_status":"","_links_to":"","_links_to_target":""},"_links":{"self":[{"href":"https:\/\/www2.navegg.com\/es\/wp-json\/wp\/v2\/pages\/18247\/"}],"collection":[{"href":"https:\/\/www2.navegg.com\/es\/wp-json\/wp\/v2\/pages\/"}],"about":[{"href":"https:\/\/www2.navegg.com\/es\/wp-json\/wp\/v2\/types\/page\/"}],"author":[{"embeddable":true,"href":"https:\/\/www2.navegg.com\/es\/wp-json\/wp\/v2\/users\/57\/"}],"replies":[{"embeddable":true,"href":"https:\/\/www2.navegg.com\/es\/wp-json\/wp\/v2\/comments\/?post=18247"}],"version-history":[{"count":4,"href":"https:\/\/www2.navegg.com\/es\/wp-json\/wp\/v2\/pages\/18247\/revisions\/"}],"predecessor-version":[{"id":18308,"href":"https:\/\/www2.navegg.com\/es\/wp-json\/wp\/v2\/pages\/18247\/revisions\/18308\/"}],"up":[{"embeddable":true,"href":"https:\/\/www2.navegg.com\/es\/wp-json\/wp\/v2\/pages\/7426\/"}],"wp:attachment":[{"href":"https:\/\/www2.navegg.com\/es\/wp-json\/wp\/v2\/media\/?parent=18247"}],"curies":[{"name":"wp","href":"https:\/\/api.w.org\/{rel}","templated":true}]}}