{"id":7408,"date":"2013-08-28T16:00:40","date_gmt":"2013-08-28T19:00:40","guid":{"rendered":"http:\/\/www.navegg.com\/?page_id=7408"},"modified":"2017-04-10T16:39:46","modified_gmt":"2017-04-10T19:39:46","slug":"salir-de-la-red","status":"publish","type":"page","link":"https:\/\/www2.navegg.com\/es\/politica-de-privacidad\/salir-de-la-red\/","title":{"rendered":"Salir de la red"},"content":{"rendered":"<h2 lang=\"pt-BR\">Salir de la red<\/h2>\n<p>La segmentaci\u00f3n de audiencia online Navegg tiene como objetivo ofrecer una experiencia de navegaci\u00f3n m\u00e1s rica para el usuario, a trav\u00e9s de publicidad no-intrusiva y contenido de relevancia. Navegg no recolecta datos personales identificables, como email, nombre, direcci\u00f3n, entre otros.<\/p>\n<p>Como internauta, tienes la opci\u00f3n de no contibuir m\u00e1s con tus datos de navegaci\u00f3n para la red Navegg. para esto, basta clicar en el link <strong>Salir<\/strong> abajo<\/p>\n<p>A partir de ese momento tus datos de navegaci\u00f3n dejar\u00e1n de ser recolectados en los sitios que utilizan tecnolog\u00eda Navegg.<\/p>\n<p><a class=\"bt_exit\" href=\"https:\/\/www.navegg.com\/es\/politica-de-privacidad\/salir-de-la-red\/confirmacion-de-salida-de-la-red\/\">Salir<\/a><\/p>\n","protected":false},"excerpt":{"rendered":"<p>Salir de la red La segmentaci\u00f3n de audiencia online Navegg tiene como objetivo ofrecer una experiencia de navegaci\u00f3n m\u00e1s rica para el usuario, a trav\u00e9s de publicidad no-intrusiva y contenido de relevancia. Navegg no recolecta datos personales identificables, como email, nombre, direcci\u00f3n, entre otros. Como internauta, tienes la opci\u00f3n de no contibuir m\u00e1s con tus [&hellip;]<\/p>\n","protected":false},"author":57,"featured_media":0,"parent":7405,"menu_order":0,"comment_status":"open","ping_status":"closed","template":"","meta":{"amp_status":"","_links_to":"","_links_to_target":""},"_links":{"self":[{"href":"https:\/\/www2.navegg.com\/es\/wp-json\/wp\/v2\/pages\/7408\/"}],"collection":[{"href":"https:\/\/www2.navegg.com\/es\/wp-json\/wp\/v2\/pages\/"}],"about":[{"href":"https:\/\/www2.navegg.com\/es\/wp-json\/wp\/v2\/types\/page\/"}],"author":[{"embeddable":true,"href":"https:\/\/www2.navegg.com\/es\/wp-json\/wp\/v2\/users\/57\/"}],"replies":[{"embeddable":true,"href":"https:\/\/www2.navegg.com\/es\/wp-json\/wp\/v2\/comments\/?post=7408"}],"version-history":[{"count":2,"href":"https:\/\/www2.navegg.com\/es\/wp-json\/wp\/v2\/pages\/7408\/revisions\/"}],"predecessor-version":[{"id":16360,"href":"https:\/\/www2.navegg.com\/es\/wp-json\/wp\/v2\/pages\/7408\/revisions\/16360\/"}],"up":[{"embeddable":true,"href":"https:\/\/www2.navegg.com\/es\/wp-json\/wp\/v2\/pages\/7405\/"}],"wp:attachment":[{"href":"https:\/\/www2.navegg.com\/es\/wp-json\/wp\/v2\/media\/?parent=7408"}],"curies":[{"name":"wp","href":"https:\/\/api.w.org\/{rel}","templated":true}]}}