{"id":7411,"date":"2012-08-28T16:02:24","date_gmt":"2012-08-28T19:02:24","guid":{"rendered":"http:\/\/www.navegg.com\/?page_id=7411"},"modified":"2014-02-13T15:13:27","modified_gmt":"2014-02-13T17:13:27","slug":"su-perfil","status":"publish","type":"page","link":"https:\/\/www2.navegg.com\/es\/politica-de-privacidad\/su-perfil\/","title":{"rendered":"Su perfil en la red Navegg"},"content":{"rendered":"<p>En esta p\u00e1gina, descubres como es el perfil que Navegg identific\u00f3, a partir de tus navegaciones: tus intereses, tu g\u00e9nero y tu rango de edad. Ese perfil est\u00e1 basado en tu comportamiento en los m\u00e1s de 100 mil sitios analisados por Navegg.<\/p>\n<p>El objetivo de Navegg es ofrecer al internauta una <strong>experiencia de Navegaci\u00f3n m\u00e1s rica<\/strong>, que <strong>refleje tus intereses<\/strong>, a trav\u00e9s de contenidos personalizados y publicidad relevante y no intrusiva. Todo el an\u00e1lisis hecho por Navegg es <strong>completamente anonimo<\/strong> y ning\u00fan dato personal identificable &#8211; informaciones como nombre, e-mail entre otros &#8211; es almacenado o distribuido.<\/p>\n","protected":false},"excerpt":{"rendered":"<p>En esta p\u00e1gina, descubres como es el perfil que Navegg identific\u00f3, a partir de tus navegaciones: tus intereses, tu g\u00e9nero y tu rango de edad. Ese perfil est\u00e1 basado en tu comportamiento en los m\u00e1s de 100 mil sitios analisados por Navegg. El objetivo de Navegg es ofrecer al internauta una experiencia de Navegaci\u00f3n m\u00e1s [&hellip;]<\/p>\n","protected":false},"author":57,"featured_media":0,"parent":7405,"menu_order":0,"comment_status":"open","ping_status":"open","template":"tpl\/profile.php","meta":{"amp_status":"","_links_to":"","_links_to_target":""},"_links":{"self":[{"href":"https:\/\/www2.navegg.com\/es\/wp-json\/wp\/v2\/pages\/7411\/"}],"collection":[{"href":"https:\/\/www2.navegg.com\/es\/wp-json\/wp\/v2\/pages\/"}],"about":[{"href":"https:\/\/www2.navegg.com\/es\/wp-json\/wp\/v2\/types\/page\/"}],"author":[{"embeddable":true,"href":"https:\/\/www2.navegg.com\/es\/wp-json\/wp\/v2\/users\/57\/"}],"replies":[{"embeddable":true,"href":"https:\/\/www2.navegg.com\/es\/wp-json\/wp\/v2\/comments\/?post=7411"}],"version-history":[{"count":0,"href":"https:\/\/www2.navegg.com\/es\/wp-json\/wp\/v2\/pages\/7411\/revisions\/"}],"up":[{"embeddable":true,"href":"https:\/\/www2.navegg.com\/es\/wp-json\/wp\/v2\/pages\/7405\/"}],"wp:attachment":[{"href":"https:\/\/www2.navegg.com\/es\/wp-json\/wp\/v2\/media\/?parent=7411"}],"curies":[{"name":"wp","href":"https:\/\/api.w.org\/{rel}","templated":true}]}}