{"id":7426,"date":"2012-08-28T16:43:32","date_gmt":"2012-08-28T19:43:32","guid":{"rendered":"http:\/\/www.navegg.com\/?page_id=7426"},"modified":"2015-04-30T14:19:51","modified_gmt":"2015-04-30T17:19:51","slug":"segmentos","status":"publish","type":"page","link":"https:\/\/www2.navegg.com\/es\/segmentos\/","title":{"rendered":"Segmentos"},"content":{"rendered":"<p>Navegg analiza y segmentar los usuarios en doce criterios: sexo, edad, educaci\u00f3n, clase social, estado civil, contenido de inter\u00e9s, intenci\u00f3n de compra, el comportamiento, las marcas, \u00e1rea de desempe\u00f1o, tecnolog\u00eda (conexi\u00f3n, los dispositivos, navegadores y sistemas operativos) y <strong><a title=\"localizaci\u00f3n Navegg\" href=\"http:\/\/www.navegg.com\/downloads\/location_segments.csv\" target=\"_blank\">localizaci\u00f3n <\/a><\/strong> (pa\u00eds, ciudad y regi\u00f3n).<\/p>\n<p>Cada uno de estos grupos tiene un <strong>nombre c\u00f3digo<\/strong> que se puede utilizar en Navegg API javascript para recuperar datos de un usuario en particular. Ejemplo: el grupo de <strong>g\u00e9nero<\/strong>\u00a0se identifica por el nombre en clave de <strong>\u00abgender\u00bb<\/strong> en nuestro API.<\/p>\n<p>Cada uno de los valores tiene dos identificadores \u00fanicos: <strong>ID<\/strong> (n\u00famero entero) y el <strong>c\u00f3digo<\/strong> (resumen de cadena, siempre y sin espacios, acentos o cedilla, a menudo en Ingl\u00e9s). El c\u00f3digo es de salida predeterminada, pero tambi\u00e9n puede ser realizada con los ID de aplicaci\u00f3n. S\u00f3lo las variables <strong>class<\/strong> y <strong>prod<\/strong>\u00a0no tienen versi\u00f3n en c\u00f3digo, el identificador es el nombre que aparece en los informes de nuestro <a href=\"http:\/\/www.navegg.com\/es\/area-de-clientes\/documentacion\/panel-de-control-navegg\/\">panel de control<\/a>.<\/p>\n<p>Encontre informaciones detalladas en las planilla abajo:<\/p>\n","protected":false},"excerpt":{"rendered":"<p>Navegg analiza y segmentar los usuarios en doce criterios: sexo, edad, educaci\u00f3n, clase social, estado civil, contenido de inter\u00e9s, intenci\u00f3n de compra, el comportamiento, las marcas, \u00e1rea de desempe\u00f1o, tecnolog\u00eda (conexi\u00f3n, los dispositivos, navegadores y sistemas operativos) y localizaci\u00f3n (pa\u00eds, ciudad y regi\u00f3n). Cada uno de estos grupos tiene un nombre c\u00f3digo que se puede [&hellip;]<\/p>\n","protected":false},"author":57,"featured_media":0,"parent":0,"menu_order":3,"comment_status":"open","ping_status":"closed","template":"t\/segments-v2.php","meta":{"amp_status":"","_links_to":"","_links_to_target":""},"_links":{"self":[{"href":"https:\/\/www2.navegg.com\/es\/wp-json\/wp\/v2\/pages\/7426\/"}],"collection":[{"href":"https:\/\/www2.navegg.com\/es\/wp-json\/wp\/v2\/pages\/"}],"about":[{"href":"https:\/\/www2.navegg.com\/es\/wp-json\/wp\/v2\/types\/page\/"}],"author":[{"embeddable":true,"href":"https:\/\/www2.navegg.com\/es\/wp-json\/wp\/v2\/users\/57\/"}],"replies":[{"embeddable":true,"href":"https:\/\/www2.navegg.com\/es\/wp-json\/wp\/v2\/comments\/?post=7426"}],"version-history":[{"count":1,"href":"https:\/\/www2.navegg.com\/es\/wp-json\/wp\/v2\/pages\/7426\/revisions\/"}],"predecessor-version":[{"id":14224,"href":"https:\/\/www2.navegg.com\/es\/wp-json\/wp\/v2\/pages\/7426\/revisions\/14224\/"}],"wp:attachment":[{"href":"https:\/\/www2.navegg.com\/es\/wp-json\/wp\/v2\/media\/?parent=7426"}],"curies":[{"name":"wp","href":"https:\/\/api.w.org\/{rel}","templated":true}]}}