{"id":9295,"date":"2013-04-05T12:22:46","date_gmt":"2013-04-05T15:22:46","guid":{"rendered":"http:\/\/www.navegg.com\/?page_id=9295"},"modified":"2014-02-11T16:46:18","modified_gmt":"2014-02-11T18:46:18","slug":"edita-tu-perfil","status":"publish","type":"page","link":"https:\/\/www2.navegg.com\/es\/politica-de-privacidad\/su-perfil\/edita-tu-perfil\/","title":{"rendered":"Edita tu perfil"},"content":{"rendered":"<p>El objetivo de Navegg es ofrecer al internauta una <strong>experiencia de Navegaci\u00f3n m\u00e1s rica<\/strong>, que <strong>refleje tus intereses<\/strong>, a trav\u00e9s de contenidos personalizados y publicidad relevante y no intrusiva. Todo el an\u00e1lisis hecho por Navegg es <strong>completamente anonimo<\/strong> y ning\u00fan dato personal identificable &#8211; informaciones como nombre, e-mail entre otros &#8211; es almacenado o distribuido.<\/p>\n","protected":false},"excerpt":{"rendered":"<p>El objetivo de Navegg es ofrecer al internauta una experiencia de Navegaci\u00f3n m\u00e1s rica, que refleje tus intereses, a trav\u00e9s de contenidos personalizados y publicidad relevante y no intrusiva. Todo el an\u00e1lisis hecho por Navegg es completamente anonimo y ning\u00fan dato personal identificable &#8211; informaciones como nombre, e-mail entre otros &#8211; es almacenado o distribuido.<\/p>\n","protected":false},"author":57,"featured_media":0,"parent":7411,"menu_order":0,"comment_status":"open","ping_status":"closed","template":"tpl\/profile-editor.php","meta":{"amp_status":"","_links_to":"","_links_to_target":""},"_links":{"self":[{"href":"https:\/\/www2.navegg.com\/es\/wp-json\/wp\/v2\/pages\/9295\/"}],"collection":[{"href":"https:\/\/www2.navegg.com\/es\/wp-json\/wp\/v2\/pages\/"}],"about":[{"href":"https:\/\/www2.navegg.com\/es\/wp-json\/wp\/v2\/types\/page\/"}],"author":[{"embeddable":true,"href":"https:\/\/www2.navegg.com\/es\/wp-json\/wp\/v2\/users\/57\/"}],"replies":[{"embeddable":true,"href":"https:\/\/www2.navegg.com\/es\/wp-json\/wp\/v2\/comments\/?post=9295"}],"version-history":[{"count":0,"href":"https:\/\/www2.navegg.com\/es\/wp-json\/wp\/v2\/pages\/9295\/revisions\/"}],"up":[{"embeddable":true,"href":"https:\/\/www2.navegg.com\/es\/wp-json\/wp\/v2\/pages\/7411\/"}],"wp:attachment":[{"href":"https:\/\/www2.navegg.com\/es\/wp-json\/wp\/v2\/media\/?parent=9295"}],"curies":[{"name":"wp","href":"https:\/\/api.w.org\/{rel}","templated":true}]}}